{"id":2390,"date":"2026-01-09T14:54:05","date_gmt":"2026-01-09T14:54:05","guid":{"rendered":"https:\/\/alabastroitaliano.com\/?post_type=product&#038;p=2390"},"modified":"2026-02-03T09:53:02","modified_gmt":"2026-02-03T08:53:02","slug":"double-pendant-ophion","status":"publish","type":"product","link":"https:\/\/alabastroitaliano.com\/en\/corpi-illuminanti\/sospensioni\/ofione-pendente-doppio\/","title":{"rendered":"Double Pendant Ophion"},"content":{"rendered":"<p>Ophion was the first king of the Titans and the heavens, a figure shrouded in mystery about whom little is known. His greatness has always been associated with that of his wife Eurynome, and his life was marked by this unbreakable bond. Similarly, this series is composed of horizontal and vertical lines delicately intertwined with precious alabaster spheres.<\/p>","protected":false},"excerpt":{"rendered":"<p>Ofione fu il primo re dei Titani e dei cieli, una figura avvolta nel mistero di cui si conosce poco. La sua grandezza \u00e8 sempre stata associata a quella della moglie Eur\u00ecnome, e la sua vita \u00e8 stata caratterizzata da questo legame indissolubile. Allo stesso modo, questa serie \u00e8 composta da linee orizzontali e verticali [&hellip;]<\/p>\n","protected":false},"featured_media":2376,"template":"","meta":[],"product_brand":[25],"product_cat":[38],"product_tag":[],"class_list":{"0":"post-2390","1":"product","2":"type-product","3":"status-publish","4":"has-post-thumbnail","6":"product_brand-alabastro-italiano","7":"product_cat-sospensioni","9":"first","10":"instock","11":"shipping-taxable","12":"purchasable","13":"product-type-variable","14":"has-default-attributes"},"yoast_head":"<!-- This site is optimized with the Yoast SEO plugin v27.5 - https:\/\/yoast.com\/product\/yoast-seo-wordpress\/ -->\n<title>Ofione Pendente Doppio | Alabastro Italiano<\/title>\n<meta name=\"description\" content=\"Sospensione doppia in alabastro. Struttura intrecciata e sfere luminose ispirate al mito di Ofione. Design scenografico. Made in Italy.\" \/>\n<meta name=\"robots\" content=\"index, follow, max-snippet:-1, max-image-preview:large, max-video-preview:-1\" \/>\n<link rel=\"canonical\" href=\"https:\/\/alabastroitaliano.com\/en\/light-fixtures\/suspensions\/double-pendant-ophion\/\" \/>\n<meta property=\"og:locale\" content=\"en_GB\" \/>\n<meta property=\"og:type\" content=\"article\" \/>\n<meta property=\"og:title\" content=\"Ofione Pendente Doppio | Alabastro Italiano\" \/>\n<meta property=\"og:description\" content=\"Sospensione doppia in alabastro. Struttura intrecciata e sfere luminose ispirate al mito di Ofione. Design scenografico. Made in Italy.\" \/>\n<meta property=\"og:url\" content=\"https:\/\/alabastroitaliano.com\/en\/light-fixtures\/suspensions\/double-pendant-ophion\/\" \/>\n<meta property=\"og:site_name\" content=\"Alabastro Italiano\" \/>\n<meta property=\"article:publisher\" content=\"https:\/\/www.facebook.com\/AlabastroItaliano\" \/>\n<meta property=\"article:modified_time\" content=\"2026-02-03T08:53:02+00:00\" \/>\n<meta property=\"og:image\" content=\"https:\/\/alabastroitaliano.com\/wp-content\/uploads\/OFIONE-DOUBLE-STILL.jpg\" \/>\n\t<meta property=\"og:image:width\" content=\"1000\" \/>\n\t<meta property=\"og:image:height\" content=\"1400\" \/>\n\t<meta property=\"og:image:type\" content=\"image\/jpeg\" \/>\n<meta name=\"twitter:card\" content=\"summary_large_image\" \/>\n<meta name=\"twitter:label1\" content=\"Estimated reading time\" \/>\n\t<meta name=\"twitter:data1\" content=\"1 minute\" \/>\n<script type=\"application\/ld+json\" class=\"yoast-schema-graph\">{\"@context\":\"https:\\\/\\\/schema.org\",\"@graph\":[{\"@type\":\"WebPage\",\"@id\":\"https:\\\/\\\/alabastroitaliano.com\\\/corpi-illuminanti\\\/sospensioni\\\/ofione-pendente-doppio\\\/\",\"url\":\"https:\\\/\\\/alabastroitaliano.com\\\/corpi-illuminanti\\\/sospensioni\\\/ofione-pendente-doppio\\\/\",\"name\":\"Ofione Pendente Doppio | Alabastro Italiano\",\"isPartOf\":{\"@id\":\"https:\\\/\\\/alabastroitaliano.com\\\/#website\"},\"primaryImageOfPage\":{\"@id\":\"https:\\\/\\\/alabastroitaliano.com\\\/corpi-illuminanti\\\/sospensioni\\\/ofione-pendente-doppio\\\/#primaryimage\"},\"image\":{\"@id\":\"https:\\\/\\\/alabastroitaliano.com\\\/corpi-illuminanti\\\/sospensioni\\\/ofione-pendente-doppio\\\/#primaryimage\"},\"thumbnailUrl\":\"https:\\\/\\\/alabastroitaliano.com\\\/wp-content\\\/uploads\\\/OFIONE-DOUBLE-STILL.jpg\",\"datePublished\":\"2026-01-09T14:54:05+00:00\",\"dateModified\":\"2026-02-03T08:53:02+00:00\",\"description\":\"Sospensione doppia in alabastro. Struttura intrecciata e sfere luminose ispirate al mito di Ofione. Design scenografico. Made in Italy.\",\"breadcrumb\":{\"@id\":\"https:\\\/\\\/alabastroitaliano.com\\\/corpi-illuminanti\\\/sospensioni\\\/ofione-pendente-doppio\\\/#breadcrumb\"},\"inLanguage\":\"en-GB\",\"potentialAction\":[{\"@type\":\"ReadAction\",\"target\":[\"https:\\\/\\\/alabastroitaliano.com\\\/corpi-illuminanti\\\/sospensioni\\\/ofione-pendente-doppio\\\/\"]}]},{\"@type\":\"ImageObject\",\"inLanguage\":\"en-GB\",\"@id\":\"https:\\\/\\\/alabastroitaliano.com\\\/corpi-illuminanti\\\/sospensioni\\\/ofione-pendente-doppio\\\/#primaryimage\",\"url\":\"https:\\\/\\\/alabastroitaliano.com\\\/wp-content\\\/uploads\\\/OFIONE-DOUBLE-STILL.jpg\",\"contentUrl\":\"https:\\\/\\\/alabastroitaliano.com\\\/wp-content\\\/uploads\\\/OFIONE-DOUBLE-STILL.jpg\",\"width\":1000,\"height\":1400},{\"@type\":\"BreadcrumbList\",\"@id\":\"https:\\\/\\\/alabastroitaliano.com\\\/corpi-illuminanti\\\/sospensioni\\\/ofione-pendente-doppio\\\/#breadcrumb\",\"itemListElement\":[{\"@type\":\"ListItem\",\"position\":1,\"name\":\"Home\",\"item\":\"https:\\\/\\\/alabastroitaliano.com\\\/\"},{\"@type\":\"ListItem\",\"position\":2,\"name\":\"Corpi illuminanti\",\"item\":\"https:\\\/\\\/alabastroitaliano.com\\\/corpi-illuminanti\\\/\"},{\"@type\":\"ListItem\",\"position\":3,\"name\":\"Ofione Pendente Doppio\"}]},{\"@type\":\"WebSite\",\"@id\":\"https:\\\/\\\/alabastroitaliano.com\\\/#website\",\"url\":\"https:\\\/\\\/alabastroitaliano.com\\\/\",\"name\":\"Alabastro Italiano\",\"description\":\"Illuminazione in alabastro\",\"publisher\":{\"@id\":\"https:\\\/\\\/alabastroitaliano.com\\\/#organization\"},\"alternateName\":\"Lampade per arredamento in alabastro\",\"potentialAction\":[{\"@type\":\"SearchAction\",\"target\":{\"@type\":\"EntryPoint\",\"urlTemplate\":\"https:\\\/\\\/alabastroitaliano.com\\\/?s={search_term_string}\"},\"query-input\":{\"@type\":\"PropertyValueSpecification\",\"valueRequired\":true,\"valueName\":\"search_term_string\"}}],\"inLanguage\":\"en-GB\"},{\"@type\":\"Organization\",\"@id\":\"https:\\\/\\\/alabastroitaliano.com\\\/#organization\",\"name\":\"Alabastro Italiano\",\"url\":\"https:\\\/\\\/alabastroitaliano.com\\\/\",\"logo\":{\"@type\":\"ImageObject\",\"inLanguage\":\"en-GB\",\"@id\":\"https:\\\/\\\/alabastroitaliano.com\\\/#\\\/schema\\\/logo\\\/image\\\/\",\"url\":\"https:\\\/\\\/alabastroitaliano.com\\\/wp-content\\\/uploads\\\/alabastro-italiano-logo.png\",\"contentUrl\":\"https:\\\/\\\/alabastroitaliano.com\\\/wp-content\\\/uploads\\\/alabastro-italiano-logo.png\",\"width\":366,\"height\":69,\"caption\":\"Alabastro Italiano\"},\"image\":{\"@id\":\"https:\\\/\\\/alabastroitaliano.com\\\/#\\\/schema\\\/logo\\\/image\\\/\"},\"sameAs\":[\"https:\\\/\\\/www.facebook.com\\\/AlabastroItaliano\",\"https:\\\/\\\/www.instagram.com\\\/alabastro_italiano\\\/\"],\"address\":{\"@type\":\"PostalAddress\",\"streetAddress\":\"Via Armistizio, 221\",\"addressLocality\":\"Padova\",\"addressRegion\":\"PD\",\"postalCode\":\"35142\",\"addressCountry\":\"IT\"},\"contactPoint\":{\"@type\":\"ContactPoint\",\"telephone\":\"+39-049-715122\",\"contactType\":\"customer service\",\"email\":\"commerciale1@alabastroitaliano.com\"},\"founder\":[{\"@type\":\"Person\",\"name\":\"Alberto Ongarato\"},{\"@type\":\"Person\",\"name\":\"Riccardo Ongarato\"}],\"foundingDate\":\"1960\"}]}<\/script>\n<!-- \/ Yoast SEO plugin. -->","yoast_head_json":{"title":"Double Pendant Ophion | Italian Alabaster","description":"Double alabaster pendant. Braided structure and luminous spheres inspired by the myth of Ophion. Dramatic design. Made in Italy.","robots":{"index":"index","follow":"follow","max-snippet":"max-snippet:-1","max-image-preview":"max-image-preview:large","max-video-preview":"max-video-preview:-1"},"canonical":"https:\/\/alabastroitaliano.com\/en\/light-fixtures\/suspensions\/double-pendant-ophion\/","og_locale":"en_GB","og_type":"article","og_title":"Ofione Pendente Doppio | Alabastro Italiano","og_description":"Sospensione doppia in alabastro. Struttura intrecciata e sfere luminose ispirate al mito di Ofione. Design scenografico. Made in Italy.","og_url":"https:\/\/alabastroitaliano.com\/en\/light-fixtures\/suspensions\/double-pendant-ophion\/","og_site_name":"Alabastro Italiano","article_publisher":"https:\/\/www.facebook.com\/AlabastroItaliano","article_modified_time":"2026-02-03T08:53:02+00:00","og_image":[{"width":1000,"height":1400,"url":"https:\/\/alabastroitaliano.com\/wp-content\/uploads\/OFIONE-DOUBLE-STILL.jpg","type":"image\/jpeg"}],"twitter_card":"summary_large_image","twitter_misc":{"Estimated reading time":"1 minute"},"schema":{"@context":"https:\/\/schema.org","@graph":[{"@type":"WebPage","@id":"https:\/\/alabastroitaliano.com\/corpi-illuminanti\/sospensioni\/ofione-pendente-doppio\/","url":"https:\/\/alabastroitaliano.com\/corpi-illuminanti\/sospensioni\/ofione-pendente-doppio\/","name":"Double Pendant Ophion | Italian Alabaster","isPartOf":{"@id":"https:\/\/alabastroitaliano.com\/#website"},"primaryImageOfPage":{"@id":"https:\/\/alabastroitaliano.com\/corpi-illuminanti\/sospensioni\/ofione-pendente-doppio\/#primaryimage"},"image":{"@id":"https:\/\/alabastroitaliano.com\/corpi-illuminanti\/sospensioni\/ofione-pendente-doppio\/#primaryimage"},"thumbnailUrl":"https:\/\/alabastroitaliano.com\/wp-content\/uploads\/OFIONE-DOUBLE-STILL.jpg","datePublished":"2026-01-09T14:54:05+00:00","dateModified":"2026-02-03T08:53:02+00:00","description":"Double alabaster pendant. Braided structure and luminous spheres inspired by the myth of Ophion. Dramatic design. Made in Italy.","breadcrumb":{"@id":"https:\/\/alabastroitaliano.com\/corpi-illuminanti\/sospensioni\/ofione-pendente-doppio\/#breadcrumb"},"inLanguage":"en-GB","potentialAction":[{"@type":"ReadAction","target":["https:\/\/alabastroitaliano.com\/corpi-illuminanti\/sospensioni\/ofione-pendente-doppio\/"]}]},{"@type":"ImageObject","inLanguage":"en-GB","@id":"https:\/\/alabastroitaliano.com\/corpi-illuminanti\/sospensioni\/ofione-pendente-doppio\/#primaryimage","url":"https:\/\/alabastroitaliano.com\/wp-content\/uploads\/OFIONE-DOUBLE-STILL.jpg","contentUrl":"https:\/\/alabastroitaliano.com\/wp-content\/uploads\/OFIONE-DOUBLE-STILL.jpg","width":1000,"height":1400},{"@type":"BreadcrumbList","@id":"https:\/\/alabastroitaliano.com\/corpi-illuminanti\/sospensioni\/ofione-pendente-doppio\/#breadcrumb","itemListElement":[{"@type":"ListItem","position":1,"name":"Home","item":"https:\/\/alabastroitaliano.com\/"},{"@type":"ListItem","position":2,"name":"Corpi illuminanti","item":"https:\/\/alabastroitaliano.com\/corpi-illuminanti\/"},{"@type":"ListItem","position":3,"name":"Ofione Pendente Doppio"}]},{"@type":"WebSite","@id":"https:\/\/alabastroitaliano.com\/#website","url":"https:\/\/alabastroitaliano.com\/","name":"Alabastro Italiano","description":"Alabaster lighting","publisher":{"@id":"https:\/\/alabastroitaliano.com\/#organization"},"alternateName":"Lampade per arredamento in alabastro","potentialAction":[{"@type":"SearchAction","target":{"@type":"EntryPoint","urlTemplate":"https:\/\/alabastroitaliano.com\/?s={search_term_string}"},"query-input":{"@type":"PropertyValueSpecification","valueRequired":true,"valueName":"search_term_string"}}],"inLanguage":"en-GB"},{"@type":"Organization","@id":"https:\/\/alabastroitaliano.com\/#organization","name":"Alabastro Italiano","url":"https:\/\/alabastroitaliano.com\/","logo":{"@type":"ImageObject","inLanguage":"en-GB","@id":"https:\/\/alabastroitaliano.com\/#\/schema\/logo\/image\/","url":"https:\/\/alabastroitaliano.com\/wp-content\/uploads\/alabastro-italiano-logo.png","contentUrl":"https:\/\/alabastroitaliano.com\/wp-content\/uploads\/alabastro-italiano-logo.png","width":366,"height":69,"caption":"Alabastro Italiano"},"image":{"@id":"https:\/\/alabastroitaliano.com\/#\/schema\/logo\/image\/"},"sameAs":["https:\/\/www.facebook.com\/AlabastroItaliano","https:\/\/www.instagram.com\/alabastro_italiano\/"],"address":{"@type":"PostalAddress","streetAddress":"Via Armistizio, 221","addressLocality":"Padova","addressRegion":"PD","postalCode":"35142","addressCountry":"IT"},"contactPoint":{"@type":"ContactPoint","telephone":"+39-049-715122","contactType":"customer service","email":"commerciale1@alabastroitaliano.com"},"founder":[{"@type":"Person","name":"Alberto Ongarato"},{"@type":"Person","name":"Riccardo Ongarato"}],"foundingDate":"1960"}]}},"_links":{"self":[{"href":"https:\/\/alabastroitaliano.com\/en\/wp-json\/wp\/v2\/product\/2390","targetHints":{"allow":["GET"]}}],"collection":[{"href":"https:\/\/alabastroitaliano.com\/en\/wp-json\/wp\/v2\/product"}],"about":[{"href":"https:\/\/alabastroitaliano.com\/en\/wp-json\/wp\/v2\/types\/product"}],"wp:featuredmedia":[{"embeddable":true,"href":"https:\/\/alabastroitaliano.com\/en\/wp-json\/wp\/v2\/media\/2376"}],"wp:attachment":[{"href":"https:\/\/alabastroitaliano.com\/en\/wp-json\/wp\/v2\/media?parent=2390"}],"wp:term":[{"taxonomy":"product_brand","embeddable":true,"href":"https:\/\/alabastroitaliano.com\/en\/wp-json\/wp\/v2\/product_brand?post=2390"},{"taxonomy":"product_cat","embeddable":true,"href":"https:\/\/alabastroitaliano.com\/en\/wp-json\/wp\/v2\/product_cat?post=2390"},{"taxonomy":"product_tag","embeddable":true,"href":"https:\/\/alabastroitaliano.com\/en\/wp-json\/wp\/v2\/product_tag?post=2390"}],"curies":[{"name":"wp","href":"https:\/\/api.w.org\/{rel}","templated":true}]}}