{"id":2199,"date":"2026-01-07T11:48:47","date_gmt":"2026-01-07T11:48:47","guid":{"rendered":"https:\/\/alabastroitaliano.com\/?post_type=product&#038;p=2199"},"modified":"2026-02-03T09:53:40","modified_gmt":"2026-02-03T08:53:40","slug":"gifu-leaning-to","status":"publish","type":"product","link":"https:\/\/alabastroitaliano.com\/en\/corpi-illuminanti\/sospensioni\/gifu-pendente-a\/","title":{"rendered":"Gifu #A Pendant"},"content":{"rendered":"<p>Gifu is a city located in the prefecture of the same name in central Japan, part of the Chubu region. Known for its long tradition of craftsmanship and culture, Gifu has a history dating back centuries and played an important economic and strategic role during the samurai era. It is famous for its production of paper lanterns (called &quot;Gifu Ch\u014dchin&quot;), made from rice paper and a bamboo frame. The idea behind this collection is based on the striking similarities between carved alabaster and the rice paper typically used for lanterns: both materials share delicate hues and a light, refined texture.<\/p>","protected":false},"excerpt":{"rendered":"<p>Gifu \u00e8 una citt\u00e0 situata nella prefettura omonima, nel Giappone centrale, ed \u00e8 parte della regione Chubu. Nota per la sua lunga tradizione artigianale e culturale, Gifu ha una storia che risale a secoli fa e ha svolto un ruolo importante sia economicamente che strategicamente durante il periodo dei samurai. \u00c8 famosa per la produzione [&hellip;]<\/p>\n","protected":false},"featured_media":2560,"template":"","meta":[],"product_brand":[25],"product_cat":[38],"product_tag":[],"class_list":{"0":"post-2199","1":"product","2":"type-product","3":"status-publish","4":"has-post-thumbnail","6":"product_brand-alabastro-italiano","7":"product_cat-sospensioni","9":"first","10":"instock","11":"shipping-taxable","12":"purchasable","13":"product-type-variable","14":"has-default-attributes"},"yoast_head":"<!-- This site is optimized with the Yoast SEO plugin v27.5 - https:\/\/yoast.com\/product\/yoast-seo-wordpress\/ -->\n<title>Gifu #A Pendente | Alabastro Italiano<\/title>\n<meta name=\"description\" content=\"Sospensione in alabastro ispirata alle lanterne Gifu. Texture che evoca la carta di riso. Design orientale ed elegante. Made in Italy.\" \/>\n<meta name=\"robots\" content=\"index, follow, max-snippet:-1, max-image-preview:large, max-video-preview:-1\" \/>\n<link rel=\"canonical\" href=\"https:\/\/alabastroitaliano.com\/en\/light-fixtures\/suspensions\/gifu-leaning-to\/\" \/>\n<meta property=\"og:locale\" content=\"en_GB\" \/>\n<meta property=\"og:type\" content=\"article\" \/>\n<meta property=\"og:title\" content=\"Gifu #A Pendente | Alabastro Italiano\" \/>\n<meta property=\"og:description\" content=\"Sospensione in alabastro ispirata alle lanterne Gifu. Texture che evoca la carta di riso. Design orientale ed elegante. Made in Italy.\" \/>\n<meta property=\"og:url\" content=\"https:\/\/alabastroitaliano.com\/en\/light-fixtures\/suspensions\/gifu-leaning-to\/\" \/>\n<meta property=\"og:site_name\" content=\"Alabastro Italiano\" \/>\n<meta property=\"article:publisher\" content=\"https:\/\/www.facebook.com\/AlabastroItaliano\" \/>\n<meta property=\"article:modified_time\" content=\"2026-02-03T08:53:40+00:00\" \/>\n<meta property=\"og:image\" content=\"https:\/\/alabastroitaliano.com\/wp-content\/uploads\/GIFU-PEND-STILL-A.jpg\" \/>\n\t<meta property=\"og:image:width\" content=\"1000\" \/>\n\t<meta property=\"og:image:height\" content=\"1400\" \/>\n\t<meta property=\"og:image:type\" content=\"image\/jpeg\" \/>\n<meta name=\"twitter:card\" content=\"summary_large_image\" \/>\n<meta name=\"twitter:label1\" content=\"Estimated reading time\" \/>\n\t<meta name=\"twitter:data1\" content=\"1 minute\" \/>\n<script type=\"application\/ld+json\" class=\"yoast-schema-graph\">{\"@context\":\"https:\\\/\\\/schema.org\",\"@graph\":[{\"@type\":\"WebPage\",\"@id\":\"https:\\\/\\\/alabastroitaliano.com\\\/corpi-illuminanti\\\/sospensioni\\\/gifu-pendente-a\\\/\",\"url\":\"https:\\\/\\\/alabastroitaliano.com\\\/corpi-illuminanti\\\/sospensioni\\\/gifu-pendente-a\\\/\",\"name\":\"Gifu #A Pendente | Alabastro Italiano\",\"isPartOf\":{\"@id\":\"https:\\\/\\\/alabastroitaliano.com\\\/#website\"},\"primaryImageOfPage\":{\"@id\":\"https:\\\/\\\/alabastroitaliano.com\\\/corpi-illuminanti\\\/sospensioni\\\/gifu-pendente-a\\\/#primaryimage\"},\"image\":{\"@id\":\"https:\\\/\\\/alabastroitaliano.com\\\/corpi-illuminanti\\\/sospensioni\\\/gifu-pendente-a\\\/#primaryimage\"},\"thumbnailUrl\":\"https:\\\/\\\/alabastroitaliano.com\\\/wp-content\\\/uploads\\\/GIFU-PEND-STILL-A.jpg\",\"datePublished\":\"2026-01-07T11:48:47+00:00\",\"dateModified\":\"2026-02-03T08:53:40+00:00\",\"description\":\"Sospensione in alabastro ispirata alle lanterne Gifu. Texture che evoca la carta di riso. Design orientale ed elegante. Made in Italy.\",\"breadcrumb\":{\"@id\":\"https:\\\/\\\/alabastroitaliano.com\\\/corpi-illuminanti\\\/sospensioni\\\/gifu-pendente-a\\\/#breadcrumb\"},\"inLanguage\":\"en-GB\",\"potentialAction\":[{\"@type\":\"ReadAction\",\"target\":[\"https:\\\/\\\/alabastroitaliano.com\\\/corpi-illuminanti\\\/sospensioni\\\/gifu-pendente-a\\\/\"]}]},{\"@type\":\"ImageObject\",\"inLanguage\":\"en-GB\",\"@id\":\"https:\\\/\\\/alabastroitaliano.com\\\/corpi-illuminanti\\\/sospensioni\\\/gifu-pendente-a\\\/#primaryimage\",\"url\":\"https:\\\/\\\/alabastroitaliano.com\\\/wp-content\\\/uploads\\\/GIFU-PEND-STILL-A.jpg\",\"contentUrl\":\"https:\\\/\\\/alabastroitaliano.com\\\/wp-content\\\/uploads\\\/GIFU-PEND-STILL-A.jpg\",\"width\":1000,\"height\":1400},{\"@type\":\"BreadcrumbList\",\"@id\":\"https:\\\/\\\/alabastroitaliano.com\\\/corpi-illuminanti\\\/sospensioni\\\/gifu-pendente-a\\\/#breadcrumb\",\"itemListElement\":[{\"@type\":\"ListItem\",\"position\":1,\"name\":\"Home\",\"item\":\"https:\\\/\\\/alabastroitaliano.com\\\/\"},{\"@type\":\"ListItem\",\"position\":2,\"name\":\"Corpi illuminanti\",\"item\":\"https:\\\/\\\/alabastroitaliano.com\\\/corpi-illuminanti\\\/\"},{\"@type\":\"ListItem\",\"position\":3,\"name\":\"Gifu #A Pendente\"}]},{\"@type\":\"WebSite\",\"@id\":\"https:\\\/\\\/alabastroitaliano.com\\\/#website\",\"url\":\"https:\\\/\\\/alabastroitaliano.com\\\/\",\"name\":\"Alabastro Italiano\",\"description\":\"Illuminazione in alabastro\",\"publisher\":{\"@id\":\"https:\\\/\\\/alabastroitaliano.com\\\/#organization\"},\"alternateName\":\"Lampade per arredamento in alabastro\",\"potentialAction\":[{\"@type\":\"SearchAction\",\"target\":{\"@type\":\"EntryPoint\",\"urlTemplate\":\"https:\\\/\\\/alabastroitaliano.com\\\/?s={search_term_string}\"},\"query-input\":{\"@type\":\"PropertyValueSpecification\",\"valueRequired\":true,\"valueName\":\"search_term_string\"}}],\"inLanguage\":\"en-GB\"},{\"@type\":\"Organization\",\"@id\":\"https:\\\/\\\/alabastroitaliano.com\\\/#organization\",\"name\":\"Alabastro Italiano\",\"url\":\"https:\\\/\\\/alabastroitaliano.com\\\/\",\"logo\":{\"@type\":\"ImageObject\",\"inLanguage\":\"en-GB\",\"@id\":\"https:\\\/\\\/alabastroitaliano.com\\\/#\\\/schema\\\/logo\\\/image\\\/\",\"url\":\"https:\\\/\\\/alabastroitaliano.com\\\/wp-content\\\/uploads\\\/alabastro-italiano-logo.png\",\"contentUrl\":\"https:\\\/\\\/alabastroitaliano.com\\\/wp-content\\\/uploads\\\/alabastro-italiano-logo.png\",\"width\":366,\"height\":69,\"caption\":\"Alabastro Italiano\"},\"image\":{\"@id\":\"https:\\\/\\\/alabastroitaliano.com\\\/#\\\/schema\\\/logo\\\/image\\\/\"},\"sameAs\":[\"https:\\\/\\\/www.facebook.com\\\/AlabastroItaliano\",\"https:\\\/\\\/www.instagram.com\\\/alabastro_italiano\\\/\"],\"address\":{\"@type\":\"PostalAddress\",\"streetAddress\":\"Via Armistizio, 221\",\"addressLocality\":\"Padova\",\"addressRegion\":\"PD\",\"postalCode\":\"35142\",\"addressCountry\":\"IT\"},\"contactPoint\":{\"@type\":\"ContactPoint\",\"telephone\":\"+39-049-715122\",\"contactType\":\"customer service\",\"email\":\"commerciale1@alabastroitaliano.com\"},\"founder\":[{\"@type\":\"Person\",\"name\":\"Alberto Ongarato\"},{\"@type\":\"Person\",\"name\":\"Riccardo Ongarato\"}],\"foundingDate\":\"1960\"}]}<\/script>\n<!-- \/ Yoast SEO plugin. -->","yoast_head_json":{"title":"Gifu #A Pendant | Italian Alabaster","description":"Alabaster pendant lamp inspired by Gifu lanterns. Texture reminiscent of rice paper. Elegant, oriental design. Made in Italy.","robots":{"index":"index","follow":"follow","max-snippet":"max-snippet:-1","max-image-preview":"max-image-preview:large","max-video-preview":"max-video-preview:-1"},"canonical":"https:\/\/alabastroitaliano.com\/en\/light-fixtures\/suspensions\/gifu-leaning-to\/","og_locale":"en_GB","og_type":"article","og_title":"Gifu #A Pendente | Alabastro Italiano","og_description":"Sospensione in alabastro ispirata alle lanterne Gifu. Texture che evoca la carta di riso. Design orientale ed elegante. Made in Italy.","og_url":"https:\/\/alabastroitaliano.com\/en\/light-fixtures\/suspensions\/gifu-leaning-to\/","og_site_name":"Alabastro Italiano","article_publisher":"https:\/\/www.facebook.com\/AlabastroItaliano","article_modified_time":"2026-02-03T08:53:40+00:00","og_image":[{"width":1000,"height":1400,"url":"https:\/\/alabastroitaliano.com\/wp-content\/uploads\/GIFU-PEND-STILL-A.jpg","type":"image\/jpeg"}],"twitter_card":"summary_large_image","twitter_misc":{"Estimated reading time":"1 minute"},"schema":{"@context":"https:\/\/schema.org","@graph":[{"@type":"WebPage","@id":"https:\/\/alabastroitaliano.com\/corpi-illuminanti\/sospensioni\/gifu-pendente-a\/","url":"https:\/\/alabastroitaliano.com\/corpi-illuminanti\/sospensioni\/gifu-pendente-a\/","name":"Gifu #A Pendant | Italian Alabaster","isPartOf":{"@id":"https:\/\/alabastroitaliano.com\/#website"},"primaryImageOfPage":{"@id":"https:\/\/alabastroitaliano.com\/corpi-illuminanti\/sospensioni\/gifu-pendente-a\/#primaryimage"},"image":{"@id":"https:\/\/alabastroitaliano.com\/corpi-illuminanti\/sospensioni\/gifu-pendente-a\/#primaryimage"},"thumbnailUrl":"https:\/\/alabastroitaliano.com\/wp-content\/uploads\/GIFU-PEND-STILL-A.jpg","datePublished":"2026-01-07T11:48:47+00:00","dateModified":"2026-02-03T08:53:40+00:00","description":"Alabaster pendant lamp inspired by Gifu lanterns. Texture reminiscent of rice paper. Elegant, oriental design. Made in Italy.","breadcrumb":{"@id":"https:\/\/alabastroitaliano.com\/corpi-illuminanti\/sospensioni\/gifu-pendente-a\/#breadcrumb"},"inLanguage":"en-GB","potentialAction":[{"@type":"ReadAction","target":["https:\/\/alabastroitaliano.com\/corpi-illuminanti\/sospensioni\/gifu-pendente-a\/"]}]},{"@type":"ImageObject","inLanguage":"en-GB","@id":"https:\/\/alabastroitaliano.com\/corpi-illuminanti\/sospensioni\/gifu-pendente-a\/#primaryimage","url":"https:\/\/alabastroitaliano.com\/wp-content\/uploads\/GIFU-PEND-STILL-A.jpg","contentUrl":"https:\/\/alabastroitaliano.com\/wp-content\/uploads\/GIFU-PEND-STILL-A.jpg","width":1000,"height":1400},{"@type":"BreadcrumbList","@id":"https:\/\/alabastroitaliano.com\/corpi-illuminanti\/sospensioni\/gifu-pendente-a\/#breadcrumb","itemListElement":[{"@type":"ListItem","position":1,"name":"Home","item":"https:\/\/alabastroitaliano.com\/"},{"@type":"ListItem","position":2,"name":"Corpi illuminanti","item":"https:\/\/alabastroitaliano.com\/corpi-illuminanti\/"},{"@type":"ListItem","position":3,"name":"Gifu #A Pendente"}]},{"@type":"WebSite","@id":"https:\/\/alabastroitaliano.com\/#website","url":"https:\/\/alabastroitaliano.com\/","name":"Alabastro Italiano","description":"Alabaster lighting","publisher":{"@id":"https:\/\/alabastroitaliano.com\/#organization"},"alternateName":"Lampade per arredamento in alabastro","potentialAction":[{"@type":"SearchAction","target":{"@type":"EntryPoint","urlTemplate":"https:\/\/alabastroitaliano.com\/?s={search_term_string}"},"query-input":{"@type":"PropertyValueSpecification","valueRequired":true,"valueName":"search_term_string"}}],"inLanguage":"en-GB"},{"@type":"Organization","@id":"https:\/\/alabastroitaliano.com\/#organization","name":"Alabastro Italiano","url":"https:\/\/alabastroitaliano.com\/","logo":{"@type":"ImageObject","inLanguage":"en-GB","@id":"https:\/\/alabastroitaliano.com\/#\/schema\/logo\/image\/","url":"https:\/\/alabastroitaliano.com\/wp-content\/uploads\/alabastro-italiano-logo.png","contentUrl":"https:\/\/alabastroitaliano.com\/wp-content\/uploads\/alabastro-italiano-logo.png","width":366,"height":69,"caption":"Alabastro Italiano"},"image":{"@id":"https:\/\/alabastroitaliano.com\/#\/schema\/logo\/image\/"},"sameAs":["https:\/\/www.facebook.com\/AlabastroItaliano","https:\/\/www.instagram.com\/alabastro_italiano\/"],"address":{"@type":"PostalAddress","streetAddress":"Via Armistizio, 221","addressLocality":"Padova","addressRegion":"PD","postalCode":"35142","addressCountry":"IT"},"contactPoint":{"@type":"ContactPoint","telephone":"+39-049-715122","contactType":"customer service","email":"commerciale1@alabastroitaliano.com"},"founder":[{"@type":"Person","name":"Alberto Ongarato"},{"@type":"Person","name":"Riccardo Ongarato"}],"foundingDate":"1960"}]}},"_links":{"self":[{"href":"https:\/\/alabastroitaliano.com\/en\/wp-json\/wp\/v2\/product\/2199","targetHints":{"allow":["GET"]}}],"collection":[{"href":"https:\/\/alabastroitaliano.com\/en\/wp-json\/wp\/v2\/product"}],"about":[{"href":"https:\/\/alabastroitaliano.com\/en\/wp-json\/wp\/v2\/types\/product"}],"wp:featuredmedia":[{"embeddable":true,"href":"https:\/\/alabastroitaliano.com\/en\/wp-json\/wp\/v2\/media\/2560"}],"wp:attachment":[{"href":"https:\/\/alabastroitaliano.com\/en\/wp-json\/wp\/v2\/media?parent=2199"}],"wp:term":[{"taxonomy":"product_brand","embeddable":true,"href":"https:\/\/alabastroitaliano.com\/en\/wp-json\/wp\/v2\/product_brand?post=2199"},{"taxonomy":"product_cat","embeddable":true,"href":"https:\/\/alabastroitaliano.com\/en\/wp-json\/wp\/v2\/product_cat?post=2199"},{"taxonomy":"product_tag","embeddable":true,"href":"https:\/\/alabastroitaliano.com\/en\/wp-json\/wp\/v2\/product_tag?post=2199"}],"curies":[{"name":"wp","href":"https:\/\/api.w.org\/{rel}","templated":true}]}}